{"id":535,"date":"2021-12-21T11:54:55","date_gmt":"2021-12-21T14:54:55","guid":{"rendered":"http:\/\/cmedica.design.bsb.br\/?post_type=product&#038;p=535"},"modified":"2021-12-21T11:57:02","modified_gmt":"2021-12-21T14:57:02","slug":"fibra-laser-de-urologia-dornier-uso-unico","status":"publish","type":"product","link":"http:\/\/cmedica.design.bsb.br\/index.php\/produto\/fibra-laser-de-urologia-dornier-uso-unico\/","title":{"rendered":"Fibra Laser de Urologia DORNIER Uso \u00fanico (*)"},"content":{"rendered":"<p>http:\/\/www.medhcir.com.br\/produtos\/fibras\/flexivel-fibras\/fibra-laser-dornier-uso-unico\/<\/p>\n","protected":false},"excerpt":{"rendered":"<p>http:\/\/www.medhcir.com.br\/produtos\/fibras\/flexivel-fibras\/fibra-laser-dornier-uso-unico\/<\/p>\n","protected":false},"featured_media":0,"template":"","meta":{"_acf_changed":false,"_et_pb_use_builder":"off","_et_pb_old_content":"Confeccionada em s\u00edlica e silicone com revestimento de teflon at\u00f3xico e conector em a\u00e7o inoxid\u00e1vel, diminuindo ao m\u00e1ximo les\u00f5es e efeitos adversos.","_et_gb_content_width":""},"product_cat":[30],"product_tag":[],"acf":[],"_links":{"self":[{"href":"http:\/\/cmedica.design.bsb.br\/index.php\/wp-json\/wp\/v2\/product\/535"}],"collection":[{"href":"http:\/\/cmedica.design.bsb.br\/index.php\/wp-json\/wp\/v2\/product"}],"about":[{"href":"http:\/\/cmedica.design.bsb.br\/index.php\/wp-json\/wp\/v2\/types\/product"}],"wp:attachment":[{"href":"http:\/\/cmedica.design.bsb.br\/index.php\/wp-json\/wp\/v2\/media?parent=535"}],"wp:term":[{"taxonomy":"product_cat","embeddable":true,"href":"http:\/\/cmedica.design.bsb.br\/index.php\/wp-json\/wp\/v2\/product_cat?post=535"},{"taxonomy":"product_tag","embeddable":true,"href":"http:\/\/cmedica.design.bsb.br\/index.php\/wp-json\/wp\/v2\/product_tag?post=535"}],"curies":[{"name":"wp","href":"https:\/\/api.w.org\/{rel}","templated":true}]}}