{"id":526,"date":"2021-12-02T15:12:11","date_gmt":"2021-12-02T18:12:11","guid":{"rendered":"http:\/\/cmedica.design.bsb.br\/?post_type=product&#038;p=526"},"modified":"2021-12-21T11:18:15","modified_gmt":"2021-12-21T14:18:15","slug":"pinca-atrium","status":"publish","type":"product","link":"http:\/\/cmedica.design.bsb.br\/index.php\/produto\/pinca-atrium\/","title":{"rendered":"Pin\u00e7a de Energia Ultrass\u00f4nica Atrium"},"content":{"rendered":"<p><strong>Indica\u00e7\u00f5es:\ud83d\udc48<\/strong><br \/>\nS\u00e3o indicadas para corte e hemostasia de tecido em procedimentos de cirurgia geral, pl\u00e1stica, ginecol\u00f3gicos, urol\u00f3gicos, pedi\u00e1tricos e procedimentos endosc\u00f3picos diversos.<\/p>\n<hr \/>\n<p><strong>\u270d\ufe0f Caracter\u00edsticas<\/strong><br \/>\n\ud83d\udd39\u00a0 Corte e coagula\u00e7\u00e3o instant\u00e2neos.<br \/>\n\ud83d\udd39\u00a0 Selagem de vasos de at\u00e9 5mm.<br \/>\n\ud83d\udd39\u00a0 Seguran\u00e7a ao paciente \u2013 n\u00e3o h\u00e1 transmiss\u00e3o de corrente el\u00e9trica.<br \/>\n\ud83d\udd39\u00a0 Corte preciso com baixo dano t\u00e9rmico.<br \/>\n\ud83d\udd39\u00a0 Menos fuma\u00e7a.<\/p>\n<hr \/>\n<p><strong>\u25aa\ufe0fModelos\u25aa\ufe0f<\/strong><br \/>\n\ud83d\udd38\u00a0 Pin\u00e7a Atrium 5mm X 14cm<br \/>\n\ud83d\udd38\u00a0 Pinca Atrium 5mm X 23cm<br \/>\n\ud83d\udd38\u00a0 Pinca Atrium 5mm X 36cm<\/p>\n<hr \/>\n<p>&nbsp;<\/p>\n","protected":false},"excerpt":{"rendered":"<p>\ud83d\udc68\u200d\u2695\ufe0f A Pin\u00e7a Seladora Ultrass\u00f4nica Atrium \u00e9 um instrumento cir\u00fargico que utiliza uma onda de alta frequ\u00eancia que \u00e9 convertida em energia mec\u00e2nica e promove simultaneamente o selamento e a sec\u00e7\u00e3o de vasos sangu\u00edneos de at\u00e9 5mm, assim como de estruturas dos tecidos fibroadiposos e musculares, proporcionando uma hemostasia adequada em temperaturas menores que as dos bisturis mono e bipolares protegendo termina\u00e7\u00f5es nervosas e demais estruturas adjacentes. Sua utiliza\u00e7\u00e3o permite reduzir o tempo operat\u00f3rio e principalmente a perda sangu\u00ednea oferecendo maior ergonomia ao cirurgi\u00e3o e seguran\u00e7a para o paciente.<\/p>\n","protected":false},"featured_media":527,"template":"","meta":{"_acf_changed":false,"_et_pb_use_builder":"","_et_pb_old_content":"","_et_gb_content_width":""},"product_cat":[16,41],"product_tag":[],"acf":[],"_links":{"self":[{"href":"http:\/\/cmedica.design.bsb.br\/index.php\/wp-json\/wp\/v2\/product\/526"}],"collection":[{"href":"http:\/\/cmedica.design.bsb.br\/index.php\/wp-json\/wp\/v2\/product"}],"about":[{"href":"http:\/\/cmedica.design.bsb.br\/index.php\/wp-json\/wp\/v2\/types\/product"}],"wp:featuredmedia":[{"embeddable":true,"href":"http:\/\/cmedica.design.bsb.br\/index.php\/wp-json\/wp\/v2\/media\/527"}],"wp:attachment":[{"href":"http:\/\/cmedica.design.bsb.br\/index.php\/wp-json\/wp\/v2\/media?parent=526"}],"wp:term":[{"taxonomy":"product_cat","embeddable":true,"href":"http:\/\/cmedica.design.bsb.br\/index.php\/wp-json\/wp\/v2\/product_cat?post=526"},{"taxonomy":"product_tag","embeddable":true,"href":"http:\/\/cmedica.design.bsb.br\/index.php\/wp-json\/wp\/v2\/product_tag?post=526"}],"curies":[{"name":"wp","href":"https:\/\/api.w.org\/{rel}","templated":true}]}}