{"id":250,"date":"2021-07-21T17:33:16","date_gmt":"2021-07-21T20:33:16","guid":{"rendered":"http:\/\/cmedica.design.bsb.br\/?post_type=product&#038;p=250"},"modified":"2021-12-21T11:29:38","modified_gmt":"2021-12-21T14:29:38","slug":"turp-loop-alca-de-resseccao-bipolar-gold","status":"publish","type":"product","link":"http:\/\/cmedica.design.bsb.br\/index.php\/produto\/turp-loop-alca-de-resseccao-bipolar-gold\/","title":{"rendered":"Eletrodo Bipolar de Corte &#8211; Turp Loop"},"content":{"rendered":"<p>\ud83d\udccc<strong>\u00a0 Eletrodo Bipolar &#8211; Turp Loop<\/strong><\/p>\n<p>\ud83d\udd38 Os Eletrodos Bipolares &#8211; Turp Loop s\u00e3o indicadas para procedimentos urol\u00f3gicos, ginecol\u00f3gicos, histerosc\u00f3picos, bem como de outros procedimentos endosc\u00f3picos com a necessidade de cirurgia sem sangramento.<\/p>\n<p>\ud83d\udd38 As Al\u00e7as de RTU Bipolar s\u00e3o usadas para remover partes de um tecido prost\u00e1tico hiperpl\u00e1sico, al\u00e9m de utilizadas em procedimentos de ressec\u00e7\u00e3o transuretral da pr\u00f3stata (RTUP).<\/p>\n<p>\ud83d\udd38 Os procedimento tamb\u00e9m s\u00e3o conhecidos como Ressec\u00e7\u00e3o Salina, Ressec\u00e7\u00e3o Bipolar ou Bipolar Salino.<\/p>\n<p><iframe loading=\"lazy\" title=\"TURP Bipolar Double Stem Loop\" width=\"1080\" height=\"608\" src=\"https:\/\/www.youtube.com\/embed\/gDlrMcbPW9M?feature=oembed\"  allow=\"accelerometer; autoplay; clipboard-write; encrypted-media; gyroscope; picture-in-picture\" allowfullscreen><\/iframe><\/p>\n","protected":false},"excerpt":{"rendered":"<p>\ud83d\udccd <strong>MODELOS E APLICA\u00c7\u00d5ES<\/strong><\/p>\n<p>\ud83d\udd39 A ressec\u00e7\u00e3o transuretral de pr\u00f3stata \u00e9 a forma tradicional para t\u00e9cnicas cir\u00fargicas minimamente invasivas para remo\u00e7\u00e3o de tecidos prost\u00e1ticos. N\u00e3o h\u00e1 necessidade de incis\u00f5es e consequentemente a dor \u00e9 do paciente \u00e9 diminu\u00edda. Com isso, as complica\u00e7\u00f5es s\u00e3o menores e a cicatriza\u00e7\u00e3o \u00e9 mais r\u00e1pida.<\/p>\n<p>\ud83d\udd39 Os modelos de Eletrodo Bipolar &#8211; Turp Loop variam de acordo com a haste de corte e com o modelo ou marca do ressectosc\u00f3pio.<\/p>\n","protected":false},"featured_media":251,"template":"","meta":{"_acf_changed":false,"_et_pb_use_builder":"off","_et_pb_old_content":"","_et_gb_content_width":""},"product_cat":[41,30],"product_tag":[],"acf":[],"_links":{"self":[{"href":"http:\/\/cmedica.design.bsb.br\/index.php\/wp-json\/wp\/v2\/product\/250"}],"collection":[{"href":"http:\/\/cmedica.design.bsb.br\/index.php\/wp-json\/wp\/v2\/product"}],"about":[{"href":"http:\/\/cmedica.design.bsb.br\/index.php\/wp-json\/wp\/v2\/types\/product"}],"wp:featuredmedia":[{"embeddable":true,"href":"http:\/\/cmedica.design.bsb.br\/index.php\/wp-json\/wp\/v2\/media\/251"}],"wp:attachment":[{"href":"http:\/\/cmedica.design.bsb.br\/index.php\/wp-json\/wp\/v2\/media?parent=250"}],"wp:term":[{"taxonomy":"product_cat","embeddable":true,"href":"http:\/\/cmedica.design.bsb.br\/index.php\/wp-json\/wp\/v2\/product_cat?post=250"},{"taxonomy":"product_tag","embeddable":true,"href":"http:\/\/cmedica.design.bsb.br\/index.php\/wp-json\/wp\/v2\/product_tag?post=250"}],"curies":[{"name":"wp","href":"https:\/\/api.w.org\/{rel}","templated":true}]}}