{"id":248,"date":"2021-07-21T17:32:15","date_gmt":"2021-07-21T20:32:15","guid":{"rendered":"http:\/\/cmedica.design.bsb.br\/?post_type=product&#038;p=248"},"modified":"2021-12-02T14:07:56","modified_gmt":"2021-12-02T17:07:56","slug":"kit-sling-utape","status":"publish","type":"product","link":"http:\/\/cmedica.design.bsb.br\/index.php\/produto\/kit-sling-utape\/","title":{"rendered":"Kit Sling U-TAPE\u00ae"},"content":{"rendered":"<h4><strong>O Kit Sling U-TAPE\u00ae\u00a0 inclui:<br \/>\n<\/strong><\/h4>\n<hr \/>\n<p>1 Sling U-TAPE;<br \/>\n1 par de agulhas helicoidais transobturat\u00f3rias de uso exclusivo com o Sistema Sling U-TAPE\u00ae;<br \/>\n1 guia met\u00e1lico para uso na abordagem de dentro para fora (Inside-Out);<br \/>\n1 manual de instru\u00e7\u00f5es de uso.<\/p>\n<p>&nbsp;<\/p>\n<h4><strong>Mais detalhes:<\/strong><\/h4>\n<hr \/>\n<ul>\n<li>SPM13012 \/ SPM14512 \/ SPM16012<\/li>\n<li>Comprimento: 30, 45 ou 60cm<\/li>\n<li>Largura: 1,2cm<\/li>\n<li>Perfil: 0,28mm<\/li>\n<li>Porosidade: 1833um<\/li>\n<li>Peso: 40g\/m\u00b2<\/li>\n<\/ul>\n<p><iframe loading=\"lazy\" title=\"Sling Transobturat\u00f3rio U-Tape\u00ae\" width=\"1080\" height=\"608\" src=\"https:\/\/www.youtube.com\/embed\/XWxOuJfb3lE?feature=oembed\"  allow=\"accelerometer; autoplay; clipboard-write; encrypted-media; gyroscope; picture-in-picture\" allowfullscreen><\/iframe><\/p>\n<div class=\"wrap mcb-wrap one column-margin-40px valign-top clearfix\">\n<div class=\"mcb-wrap-inner\">\n<div class=\"column mcb-column one column_column column-margin-\">\n<div class=\"column_attr clearfix align_left\">\n<h2>Telas Premium<\/h2>\n<hr \/>\n<\/div>\n<\/div>\n<\/div>\n<\/div>\n<div class=\"wrap mcb-wrap one-second valign-middle clearfix\">\n<div class=\"mcb-wrap-inner\">\n<div class=\"column mcb-column one column_column column-margin-\">\n<div class=\"column_attr clearfix align_left animate fadeInRightLarge\" data-anim-type=\"fadeInRightLarge\">\n<ul>\n<li>Acabamento premium, com design de borda sofisticado que diminui a agress\u00e3o aos tecidos durante a passagem;<\/li>\n<li>Estrutura macroporosa que favorece a integra\u00e7\u00e3o aos tecidos;<\/li>\n<li>Baixo Perfil;<\/li>\n<\/ul>\n<\/div>\n<\/div>\n<\/div>\n<\/div>\n<div class=\"wrap mcb-wrap one-second valign-middle clearfix\">\n<div class=\"mcb-wrap-inner\">\n<div class=\"column mcb-column one column_column column-margin-\">\n<div class=\"column_attr clearfix align_left animate fadeInRightLarge\" data-anim-type=\"fadeInRightLarge\">\n<ul>\n<li>Elasticidade reduzida;<\/li>\n<li>Loop de encaixe que facilita a inser\u00e7\u00e3o na agulha;<\/li>\n<li>Dois modelos diferenciados que aumentam o poder de escolha do cirurgi\u00e3o.<\/li>\n<\/ul>\n<\/div>\n<\/div>\n<\/div>\n<\/div>\n","protected":false},"excerpt":{"rendered":"<p>O Sling U-TAPE\u00ae\u00a0 \u00e9 um Sling Transobturat\u00f3rio Miduretral Premium, minimamente invasivo, para tratamento da IUE (Incontin\u00eancia Urin\u00e1ria de Esfor\u00e7o) feminina.<\/p>\n<p>Projetado para fornecer coloca\u00e7\u00e3o de sling suave, precisa e controlada.<\/p>\n<p>Atendendo tanto as prefer\u00eancias dos cirurgi\u00f5es quanto as necessidades de cada paciente.<\/p>\n","protected":false},"featured_media":519,"template":"","meta":{"_acf_changed":false,"_et_pb_use_builder":"off","_et_pb_old_content":"","_et_gb_content_width":""},"product_cat":[41],"product_tag":[],"acf":[],"_links":{"self":[{"href":"http:\/\/cmedica.design.bsb.br\/index.php\/wp-json\/wp\/v2\/product\/248"}],"collection":[{"href":"http:\/\/cmedica.design.bsb.br\/index.php\/wp-json\/wp\/v2\/product"}],"about":[{"href":"http:\/\/cmedica.design.bsb.br\/index.php\/wp-json\/wp\/v2\/types\/product"}],"wp:featuredmedia":[{"embeddable":true,"href":"http:\/\/cmedica.design.bsb.br\/index.php\/wp-json\/wp\/v2\/media\/519"}],"wp:attachment":[{"href":"http:\/\/cmedica.design.bsb.br\/index.php\/wp-json\/wp\/v2\/media?parent=248"}],"wp:term":[{"taxonomy":"product_cat","embeddable":true,"href":"http:\/\/cmedica.design.bsb.br\/index.php\/wp-json\/wp\/v2\/product_cat?post=248"},{"taxonomy":"product_tag","embeddable":true,"href":"http:\/\/cmedica.design.bsb.br\/index.php\/wp-json\/wp\/v2\/product_tag?post=248"}],"curies":[{"name":"wp","href":"https:\/\/api.w.org\/{rel}","templated":true}]}}