{"id":244,"date":"2021-07-21T17:29:53","date_gmt":"2021-07-21T20:29:53","guid":{"rendered":"http:\/\/cmedica.design.bsb.br\/?post_type=product&#038;p=244"},"modified":"2023-02-15T00:27:30","modified_gmt":"2023-02-15T03:27:30","slug":"extrator-smart","status":"publish","type":"product","link":"http:\/\/cmedica.design.bsb.br\/index.php\/produto\/extrator-smart\/","title":{"rendered":"Extrator Smart (morcelador)"},"content":{"rendered":"<a href='http:\/\/cmedica.design.bsb.br\/wp-content\/uploads\/2021\/07\/Folder-Extrator-Smart-V1.pdf' class='big-button bigblue' target=\"_blank\">Baixar Cat\u00e1logo<\/a>\n<a href='http:\/\/cmedica.design.bsb.br\/wp-content\/uploads\/2021\/07\/Instrucoes-USO-SmartExtrator.pdf' class='big-button biggreen' target=\"_blank\">Instru\u00e7\u00f5es de Uso<\/a>\n<p><!--more--><\/p>\n<p><iframe loading=\"lazy\" title=\"Morcelador Extrator Smart\" width=\"1080\" height=\"608\" src=\"https:\/\/www.youtube.com\/embed\/C4-J7OsXfDA?feature=oembed\"  allow=\"accelerometer; autoplay; clipboard-write; encrypted-media; gyroscope; picture-in-picture\" allowfullscreen><\/iframe><\/p>\n<p>&nbsp;<\/p>\n","protected":false},"excerpt":{"rendered":"<p>O Extrator SMART \u00e9 um dispositivo projetado e manufaturado com materiais e componentes de alta qualidade que proporciona uma morcela\u00e7\u00e3o din\u00e2mica, suave e eficiente do tecido.<\/p>\n<p>Leve, Confi\u00e1vel e eficiente o Extrator SMART \u00e9 o \u00a0instrumento ideal para retirada de pe\u00e7as cir\u00fargicas em videolaparoscopias tais como: miomectomia, histerectomia supra cervical, hepatectomia, esplenectomia, nefrectomia e outros procedimentos.<\/p>\n<p>Com alta precis\u00e3o no corte, simples de manusear e totalmente descart\u00e1vel o Extrator possui l\u00e2mina rotativa que pode ser ativada nas diferentes posi\u00e7\u00f5es:<\/p>\n<ul>\n<li><strong>Parcialmente Exposta (I):<\/strong>\u00a0Para morcelar utilizando a t\u00e9cnica de morcela\u00e7\u00e3o superficial controlada;<\/li>\n<li><strong>Totalmente Exposta (II):<\/strong>\u00a0Utilizando a t\u00e9cnica de morcela\u00e7\u00e3o total;<\/li>\n<li><strong>Safe Mode:<\/strong>\u00a0A l\u00e2mina permanece totalmente retra\u00edda na c\u00e2nula.<\/li>\n<\/ul>\n","protected":false},"featured_media":245,"template":"","meta":{"_acf_changed":false,"_et_pb_use_builder":"off","_et_pb_old_content":"","_et_gb_content_width":""},"product_cat":[41],"product_tag":[],"acf":[],"_links":{"self":[{"href":"http:\/\/cmedica.design.bsb.br\/index.php\/wp-json\/wp\/v2\/product\/244"}],"collection":[{"href":"http:\/\/cmedica.design.bsb.br\/index.php\/wp-json\/wp\/v2\/product"}],"about":[{"href":"http:\/\/cmedica.design.bsb.br\/index.php\/wp-json\/wp\/v2\/types\/product"}],"wp:featuredmedia":[{"embeddable":true,"href":"http:\/\/cmedica.design.bsb.br\/index.php\/wp-json\/wp\/v2\/media\/245"}],"wp:attachment":[{"href":"http:\/\/cmedica.design.bsb.br\/index.php\/wp-json\/wp\/v2\/media?parent=244"}],"wp:term":[{"taxonomy":"product_cat","embeddable":true,"href":"http:\/\/cmedica.design.bsb.br\/index.php\/wp-json\/wp\/v2\/product_cat?post=244"},{"taxonomy":"product_tag","embeddable":true,"href":"http:\/\/cmedica.design.bsb.br\/index.php\/wp-json\/wp\/v2\/product_tag?post=244"}],"curies":[{"name":"wp","href":"https:\/\/api.w.org\/{rel}","templated":true}]}}