{"id":240,"date":"2021-07-21T17:25:18","date_gmt":"2021-07-21T20:25:18","guid":{"rendered":"http:\/\/cmedica.design.bsb.br\/?post_type=product&#038;p=240"},"modified":"2021-12-02T14:51:58","modified_gmt":"2021-12-02T17:51:58","slug":"marseal","status":"publish","type":"product","link":"http:\/\/cmedica.design.bsb.br\/index.php\/produto\/marseal\/","title":{"rendered":"Marseal 5 Plus"},"content":{"rendered":"<p>A pin\u00e7a marSeal5\u00ae plus \u00e9 um instrumento realmente vers\u00e1til que atende aplica\u00e7\u00f5es em Ginecologia e em Cirurgia Geral e Visceral!<br \/>\nConta com empunhadura ergon\u00f4mica, melhor manuseio, controle rotativo em 360\u00b0, conector IQ (PLUG &amp; PLAY) para identifica\u00e7\u00e3o autom\u00e1tica de instrumentos no gerador MAXIUM\u00ae que fornece a corrente de selagem sealSafe\u00ae IQ correspondente.<\/p>\n<p><iframe loading=\"lazy\" title=\"marSeal 5 plus \u2013 Features and functions\" width=\"1080\" height=\"608\" src=\"https:\/\/www.youtube.com\/embed\/tcIdPNpMdkA?feature=oembed\"  allow=\"accelerometer; autoplay; clipboard-write; encrypted-media; gyroscope; picture-in-picture\" allowfullscreen><\/iframe><\/p>\n","protected":false},"excerpt":{"rendered":"<p>Para dissec\u00e7\u00e3o de conserva\u00e7\u00e3o de tecidos, sem troca de instrumento<\/p>\n<p>O sistema de veda\u00e7\u00e3o reutiliz\u00e1vel marSeal garante a oclus\u00e3o permanente e fi\u00e1vel das veias, art\u00e9rias e feixes de tecido com dissec\u00e7\u00e3o posterior. O instrumento possui um mecanismo inteligente integrada atrav\u00e9s da qual a zona selada pode ser convenientemente cortado no meio uma vez que o processo de selagem tenha sido conclu\u00edda \u2013 sem necessidade de qualquer troca de instrumentos.<\/p>\n","protected":false},"featured_media":504,"template":"","meta":{"_acf_changed":false,"_et_pb_use_builder":"off","_et_pb_old_content":"","_et_gb_content_width":""},"product_cat":[16,41],"product_tag":[],"acf":[],"_links":{"self":[{"href":"http:\/\/cmedica.design.bsb.br\/index.php\/wp-json\/wp\/v2\/product\/240"}],"collection":[{"href":"http:\/\/cmedica.design.bsb.br\/index.php\/wp-json\/wp\/v2\/product"}],"about":[{"href":"http:\/\/cmedica.design.bsb.br\/index.php\/wp-json\/wp\/v2\/types\/product"}],"wp:featuredmedia":[{"embeddable":true,"href":"http:\/\/cmedica.design.bsb.br\/index.php\/wp-json\/wp\/v2\/media\/504"}],"wp:attachment":[{"href":"http:\/\/cmedica.design.bsb.br\/index.php\/wp-json\/wp\/v2\/media?parent=240"}],"wp:term":[{"taxonomy":"product_cat","embeddable":true,"href":"http:\/\/cmedica.design.bsb.br\/index.php\/wp-json\/wp\/v2\/product_cat?post=240"},{"taxonomy":"product_tag","embeddable":true,"href":"http:\/\/cmedica.design.bsb.br\/index.php\/wp-json\/wp\/v2\/product_tag?post=240"}],"curies":[{"name":"wp","href":"https:\/\/api.w.org\/{rel}","templated":true}]}}