{"id":237,"date":"2021-07-21T17:01:00","date_gmt":"2021-07-21T20:01:00","guid":{"rendered":"http:\/\/cmedica.design.bsb.br\/?post_type=product&#038;p=237"},"modified":"2021-12-21T11:59:23","modified_gmt":"2021-12-21T14:59:23","slug":"dornier-reutilizavel","status":"publish","type":"product","link":"http:\/\/cmedica.design.bsb.br\/index.php\/produto\/dornier-reutilizavel\/","title":{"rendered":"Fibra Laser de Urologia DORNIER Reutiliz\u00e1vel (*)"},"content":{"rendered":"<p>http:\/\/www.medhcir.com.br\/produtos\/fibras\/flexivel-fibras\/fibra-laser-dornier-reutilizavel\/<\/p>\n","protected":false},"excerpt":{"rendered":"<p>http:\/\/www.medhcir.com.br\/produtos\/fibras\/flexivel-fibras\/fibra-laser-dornier-reutilizavel\/<\/p>\n","protected":false},"featured_media":0,"template":"","meta":{"_acf_changed":false,"_et_pb_use_builder":"off","_et_pb_old_content":"Confeccionada em s\u00edlica e silicone com revestimento de teflon at\u00f3xico e conector em a\u00e7o inoxid\u00e1vel, diminuindo ao m\u00e1ximo les\u00f5es e efeitos adversos.","_et_gb_content_width":""},"product_cat":[30],"product_tag":[],"acf":[],"_links":{"self":[{"href":"http:\/\/cmedica.design.bsb.br\/index.php\/wp-json\/wp\/v2\/product\/237"}],"collection":[{"href":"http:\/\/cmedica.design.bsb.br\/index.php\/wp-json\/wp\/v2\/product"}],"about":[{"href":"http:\/\/cmedica.design.bsb.br\/index.php\/wp-json\/wp\/v2\/types\/product"}],"wp:attachment":[{"href":"http:\/\/cmedica.design.bsb.br\/index.php\/wp-json\/wp\/v2\/media?parent=237"}],"wp:term":[{"taxonomy":"product_cat","embeddable":true,"href":"http:\/\/cmedica.design.bsb.br\/index.php\/wp-json\/wp\/v2\/product_cat?post=237"},{"taxonomy":"product_tag","embeddable":true,"href":"http:\/\/cmedica.design.bsb.br\/index.php\/wp-json\/wp\/v2\/product_tag?post=237"}],"curies":[{"name":"wp","href":"https:\/\/api.w.org\/{rel}","templated":true}]}}