{"id":435,"date":"2021-10-25T16:48:56","date_gmt":"2021-10-25T19:48:56","guid":{"rendered":"http:\/\/cmedica.design.bsb.br\/?page_id=435"},"modified":"2022-10-17T10:53:33","modified_gmt":"2022-10-17T13:53:33","slug":"ginecologia","status":"publish","type":"page","link":"http:\/\/cmedica.design.bsb.br\/index.php\/ginecologia\/","title":{"rendered":"Ginecologia"},"content":{"rendered":"<p>[et_pb_section fb_built=&#8221;1&#8243; next_background_color=&#8221;#ffffff&#8221; _builder_version=&#8221;4.16&#8243; _module_preset=&#8221;default&#8221; use_background_color_gradient=&#8221;on&#8221; background_image=&#8221;http:\/\/cmedica.design.bsb.br\/wp-content\/uploads\/2020\/02\/cyber-security-17.png&#8221; module_alignment=&#8221;center&#8221; min_height=&#8221;10vw&#8221; custom_padding=&#8221;||5vw||false|false&#8221; bottom_divider_style=&#8221;asymmetric2&#8243; global_colors_info=&#8221;{}&#8221;][et_pb_row _builder_version=&#8221;4.16&#8243; _module_preset=&#8221;default&#8221; global_colors_info=&#8221;{}&#8221;][et_pb_column type=&#8221;4_4&#8243; _builder_version=&#8221;4.16&#8243; _module_preset=&#8221;default&#8221; global_colors_info=&#8221;{}&#8221;][et_pb_slider use_bg_overlay=&#8221;off&#8221; use_text_overlay=&#8221;off&#8221; arrows_custom_color=&#8221;#FFFFFF&#8221; dot_nav_custom_color=&#8221;#FFFFFF&#8221; _builder_version=&#8221;4.16&#8243; _module_preset=&#8221;default&#8221; header_font=&#8221;|700|||||||&#8221; header_text_color=&#8221;#00417F&#8221; header_font_size=&#8221;3.4em&#8221; body_text_color=&#8221;#FFFFFF&#8221; body_font_size=&#8221;1.4em&#8221; custom_button=&#8221;on&#8221; button_icon=&#8221;&#x4c;||divi||400&#8243; animation_style=&#8221;zoom&#8221; body_text_shadow_style=&#8221;preset1&#8243; box_shadow_style_button=&#8221;preset3&#8243; global_colors_info=&#8221;{}&#8221;][et_pb_slide heading=&#8221;Central M\u00e9dica&#8221; button_text=&#8221;quem somos&#8221; image=&#8221;http:\/\/cmedica.design.bsb.br\/wp-content\/uploads\/2020\/02\/CMedica-Simbolo.png&#8221; _builder_version=&#8221;4.16&#8243; _module_preset=&#8221;default&#8221; background_color=&#8221;RGBA(0,0,0,0)&#8221; background_enable_color=&#8221;on&#8221; global_colors_info=&#8221;{}&#8221; sticky_transition=&#8221;on&#8221;]Somos refer\u00eancia no Distrito Federal na importa\u00e7\u00e3o e fornecimento de produtos m\u00e9dicos e hospitalares nas \u00e1reas de Ginecologia, Urologia e Cirurgia Geral, com um amplo cat\u00e1logo de materiais para os mais diversos procedimentos nessas frentes.[\/et_pb_slide][et_pb_slide heading=&#8221;marSeal5 plus&#8221; button_text=&#8221;saiba mais&#8221; image=&#8221;http:\/\/cmedica.design.bsb.br\/wp-content\/uploads\/2021\/10\/marSeal5-plus-foto2.png&#8221; _builder_version=&#8221;4.16&#8243; _module_preset=&#8221;default&#8221; background_color=&#8221;RGBA(0,0,0,0)&#8221; background_enable_color=&#8221;on&#8221; global_colors_info=&#8221;{}&#8221; sticky_transition=&#8221;on&#8221;]A pin\u00e7a marSeal5 plus apresenta uma nova dimens\u00e3o em selagem de vasos, entregando precis\u00e3o, multifuncionalidade, seguran\u00e7a e durabilidade.[\/et_pb_slide][et_pb_slide heading=&#8221;Sling U-Tape&#8221; button_text=&#8221;saiba mais&#8221; image=&#8221;http:\/\/cmedica.design.bsb.br\/wp-content\/uploads\/2021\/10\/sling-tape-u-sulmedical.png&#8221; _builder_version=&#8221;4.16&#8243; _module_preset=&#8221;default&#8221; background_color=&#8221;RGBA(0,0,0,0)&#8221; background_enable_color=&#8221;on&#8221; global_colors_info=&#8221;{}&#8221; sticky_transition=&#8221;on&#8221;]<\/p>\n<p>Produto minimamente invasivo, indicado para tratamento da incontin\u00eancia urin\u00e1ria de esfor\u00e7o.<\/p>\n<p>[\/et_pb_slide][et_pb_slide heading=&#8221;Morcelador &#8211; SMART&#8221; button_text=&#8221;saiba mais&#8221; image=&#8221;http:\/\/cmedica.design.bsb.br\/wp-content\/uploads\/2021\/10\/morcelador-SMART.png&#8221; _builder_version=&#8221;4.16&#8243; _module_preset=&#8221;default&#8221; background_color=&#8221;RGBA(0,0,0,0)&#8221; background_enable_color=&#8221;on&#8221; global_colors_info=&#8221;{}&#8221; sticky_transition=&#8221;on&#8221;]<\/p>\n<p>O Extrator SMART foi projetado para retirada de pe\u00e7as cir\u00farigcas em videolaparoscopia de forma din\u00e2mica, suave e eficiente.<\/p>\n<p>[\/et_pb_slide][\/et_pb_slider][\/et_pb_column][\/et_pb_row][\/et_pb_section][et_pb_section fb_built=&#8221;1&#8243; admin_label=&#8221;Section&#8221; _builder_version=&#8221;4.16&#8243; custom_padding=&#8221;5px||0px|||&#8221; bottom_divider_color=&#8221;#f1fafe&#8221; bottom_divider_height=&#8221;40vw&#8221; bottom_divider_flip=&#8221;horizontal&#8221; bottom_divider_arrangement=&#8221;above_content&#8221; global_colors_info=&#8221;{}&#8221;][et_pb_row _builder_version=&#8221;4.16&#8243; global_colors_info=&#8221;{}&#8221;][et_pb_column type=&#8221;4_4&#8243; _builder_version=&#8221;4.16&#8243; global_colors_info=&#8221;{}&#8221;][et_pb_text _builder_version=&#8221;4.16&#8243; header_3_font=&#8221;|700|||||||&#8221; header_3_text_color=&#8221;#00417f&#8221; header_3_font_size=&#8221;64px&#8221; custom_padding=&#8221;|||35px|false|false&#8221; header_3_text_shadow_style=&#8221;preset1&#8243; global_colors_info=&#8221;{}&#8221;]<\/p>\n<h3>Ginecologia<\/h3>\n<p>[\/et_pb_text][et_pb_divider color=&#8221;#0097E2&#8243; _builder_version=&#8221;4.16&#8243; _module_preset=&#8221;default&#8221; global_colors_info=&#8221;{}&#8221;][\/et_pb_divider][\/et_pb_column][\/et_pb_row][\/et_pb_section][et_pb_section fb_built=&#8221;1&#8243; _builder_version=&#8221;4.16&#8243; global_colors_info=&#8221;{}&#8221;][et_pb_row _builder_version=&#8221;4.16&#8243; global_colors_info=&#8221;{}&#8221;][et_pb_column type=&#8221;4_4&#8243; _builder_version=&#8221;4.16&#8243; global_colors_info=&#8221;{}&#8221;][et_pb_shop type=&#8221;product_category&#8221; show_pagination=&#8221;on&#8221; include_categories=&#8221;41&#8243; columns_number=&#8221;3&#8243; sale_badge_color=&#8221;#21c6ef&#8221; _builder_version=&#8221;4.18.0&#8243; title_font=&#8221;ABeeZee||||||||&#8221; title_text_color=&#8221;#0c71c3&#8243; title_font_size=&#8221;20px&#8221; price_font=&#8221;ABeeZee|700|||||||&#8221; price_text_color=&#8221;#303030&#8243; price_font_size=&#8221;17px&#8221; text_orientation=&#8221;center&#8221; hover_enabled=&#8221;0&#8243; sale_badge_text_shadow_style=&#8221;preset1&#8243; global_colors_info=&#8221;{}&#8221; orderby=&#8221;date-desc&#8221; sticky_enabled=&#8221;0&#8243;][\/et_pb_shop][\/et_pb_column][\/et_pb_row][\/et_pb_section][et_pb_section fb_built=&#8221;1&#8243; admin_label=&#8221;Section&#8221; _builder_version=&#8221;4.16&#8243; bottom_divider_color=&#8221;#f1fafe&#8221; bottom_divider_height=&#8221;40vw&#8221; bottom_divider_flip=&#8221;horizontal&#8221; bottom_divider_arrangement=&#8221;above_content&#8221; global_colors_info=&#8221;{}&#8221;][et_pb_row _builder_version=&#8221;4.16&#8243; global_colors_info=&#8221;{}&#8221;][et_pb_column type=&#8221;4_4&#8243; _builder_version=&#8221;4.16&#8243; global_colors_info=&#8221;{}&#8221;][et_pb_text _builder_version=&#8221;4.16&#8243; header_3_font=&#8221;|700|||||||&#8221; header_3_text_color=&#8221;#00417f&#8221; header_3_font_size=&#8221;64px&#8221; custom_padding=&#8221;|||35px|false|false&#8221; header_3_text_shadow_style=&#8221;preset1&#8243; global_colors_info=&#8221;{}&#8221;]<\/p>\n<h3>Fale Conosco<\/h3>\n<p>[\/et_pb_text][\/et_pb_column][\/et_pb_row][\/et_pb_section][et_pb_section fb_built=&#8221;1&#8243; prev_background_color=&#8221;#ffffff&#8221; admin_label=&#8221;Footer&#8221; module_id=&#8221;falecom&#8221; _builder_version=&#8221;4.16&#8243; use_background_color_gradient=&#8221;on&#8221; background_color_gradient_type=&#8221;circular&#8221; background_color_gradient_direction_radial=&#8221;top right&#8221; background_color_gradient_stops=&#8221;#00a5a2 0%|#00417f 100%&#8221; background_color_gradient_start=&#8221;#00a5a2&#8243; background_color_gradient_end=&#8221;#00417f&#8221; background_image=&#8221;http:\/\/cmedica.design.bsb.br\/wp-content\/uploads\/2020\/02\/cyber-security-17.png&#8221; z_index=&#8221;10&#8243; overflow-x=&#8221;visible&#8221; overflow-y=&#8221;visible&#8221; custom_padding=&#8221;||10vw|||&#8221; top_divider_style=&#8221;asymmetric2&#8243; top_divider_height=&#8221;126px&#8221; top_divider_flip=&#8221;horizontal|vertical&#8221; background_color_gradient_stops_tablet=&#8221;#00a5a2 0%|#00417f 100%&#8221; background_color_gradient_stops_phone=&#8221;#00a5a2 0%|#00417f 100%&#8221; global_module=&#8221;146&#8243; saved_tabs=&#8221;all&#8221; locked=&#8221;off&#8221; global_colors_info=&#8221;{}&#8221;][et_pb_row column_structure=&#8221;2_5,3_5&#8243; make_equal=&#8221;on&#8221; _builder_version=&#8221;4.16&#8243; background_color=&#8221;#ffffff&#8221; custom_margin=&#8221;-146px|auto|-2px|auto||&#8221; custom_padding=&#8221;0px||0px||true&#8221; border_radii=&#8221;on|10px|10px|10px|10px&#8221; box_shadow_style=&#8221;preset1&#8243; box_shadow_vertical=&#8221;40px&#8221; box_shadow_blur=&#8221;60px&#8221; box_shadow_spread=&#8221;-8px&#8221; box_shadow_color=&#8221;rgba(10,45,97,0.48)&#8221; locked=&#8221;off&#8221; global_colors_info=&#8221;{}&#8221;][et_pb_column type=&#8221;2_5&#8243; _builder_version=&#8221;4.16&#8243; custom_padding=&#8221;60px|40px|60px|40px|true|true&#8221; global_colors_info=&#8221;{}&#8221;][et_pb_blurb title=&#8221;61 3964-2095&#8243; use_icon=&#8221;on&#8221; font_icon=&#8221;&#xe090;||divi||400&#8243; icon_color=&#8221;#006ac1&#8243; icon_placement=&#8221;left&#8221; image_icon_width=&#8221;24px&#8221; _builder_version=&#8221;4.16&#8243; header_font=&#8221;Overpass|600|||||||&#8221; header_text_align=&#8221;left&#8221; header_line_height=&#8221;1.4em&#8221; body_font=&#8221;Overpass|300|||||||&#8221; body_line_height=&#8221;1.8em&#8221; text_orientation=&#8221;center&#8221; icon_font_size=&#8221;24px&#8221; locked=&#8221;off&#8221; global_colors_info=&#8221;{}&#8221;][\/et_pb_blurb][et_pb_blurb title=&#8221;61 3541-7103&#8243; use_icon=&#8221;on&#8221; font_icon=&#8221;&#xe090;||divi||400&#8243; icon_color=&#8221;#006ac1&#8243; icon_placement=&#8221;left&#8221; image_icon_width=&#8221;24px&#8221; _builder_version=&#8221;4.16&#8243; header_font=&#8221;Overpass|600|||||||&#8221; header_text_align=&#8221;left&#8221; header_line_height=&#8221;1.4em&#8221; body_font=&#8221;Overpass|300|||||||&#8221; body_line_height=&#8221;1.8em&#8221; text_orientation=&#8221;center&#8221; icon_font_size=&#8221;24px&#8221; locked=&#8221;off&#8221; global_colors_info=&#8221;{}&#8221;][\/et_pb_blurb][et_pb_blurb title=&#8221;c.medica@centralmedicaltda.com&#8221; use_icon=&#8221;on&#8221; font_icon=&#8221;&#xe010;||divi||400&#8243; icon_color=&#8221;#006ac1&#8243; icon_placement=&#8221;left&#8221; image_icon_width=&#8221;24px&#8221; _builder_version=&#8221;4.16&#8243; header_font=&#8221;Overpass|600|||||||&#8221; header_line_height=&#8221;1.4em&#8221; body_font=&#8221;Overpass|300|||||||&#8221; body_line_height=&#8221;1.8em&#8221; text_orientation=&#8221;center&#8221; icon_font_size=&#8221;24px&#8221; locked=&#8221;off&#8221; global_colors_info=&#8221;{}&#8221;][\/et_pb_blurb][et_pb_blurb title=&#8221;SMAS Trecho 3 Cj. 3 Bl. D Sl. 409\/411 | Ed. The Union \u2013 Bras\u00edlia-DF | CEP 71215-300&#8243; use_icon=&#8221;on&#8221; font_icon=&#8221;&#xe081;||divi||400&#8243; icon_color=&#8221;#006ac1&#8243; icon_placement=&#8221;left&#8221; image_icon_width=&#8221;24px&#8221; _builder_version=&#8221;4.16&#8243; header_font=&#8221;Overpass|600|||||||&#8221; header_text_align=&#8221;left&#8221; header_line_height=&#8221;1.4em&#8221; body_font=&#8221;Overpass|300|||||||&#8221; body_line_height=&#8221;1.8em&#8221; text_orientation=&#8221;center&#8221; icon_font_size=&#8221;24px&#8221; locked=&#8221;off&#8221; global_colors_info=&#8221;{}&#8221;][\/et_pb_blurb][\/et_pb_column][et_pb_column type=&#8221;3_5&#8243; _builder_version=&#8221;4.16&#8243; background_enable_image=&#8221;off&#8221; background_size=&#8221;contain&#8221; background_position=&#8221;bottom_left&#8221; transform_translate_linked=&#8221;off&#8221; custom_padding=&#8221;60px|40px|60px|20%|true&#8221; custom_padding_tablet=&#8221;80px|||40px&#8221; custom_padding_phone=&#8221;&#8221; custom_padding_last_edited=&#8221;on|desktop&#8221; background_last_edited=&#8221;on|desktop&#8221; background_image_tablet=&#8221;http:\/\/zaib.sandbox.etdevs.com\/divi\/wp-content\/uploads\/sites\/2\/2019\/06\/cyber-security-11.png&#8221; background_enable_image_tablet=&#8221;on&#8221; background_position_tablet=&#8221;top_left&#8221; global_colors_info=&#8221;{}&#8221;][et_pb_contact_form captcha=&#8221;off&#8221; email=&#8221;contato@perfettodesign.com.br&#8221; custom_message=&#8221;Mensagem do site: cmedica.design.bsb.br&#8221; success_message=&#8221;Mensagem enviada! Aguarde nosso contato.&#8221; _builder_version=&#8221;4.16&#8243; _unique_id=&#8221;d77f1dce-e24c-48e8-a9de-d88c66445033&#8243; custom_button=&#8221;on&#8221; button_text_color=&#8221;#ffffff&#8221; button_bg_use_color_gradient=&#8221;on&#8221; button_bg_color_gradient_direction=&#8221;117deg&#8221; button_bg_color_gradient_stops=&#8221;#00417f 0%|#0097e2 100%&#8221; button_bg_color_gradient_start=&#8221;#00417f&#8221; button_bg_color_gradient_end=&#8221;#0097e2&#8243; button_font=&#8221;|700|||||||&#8221; global_colors_info=&#8221;{}&#8221;][et_pb_contact_field field_id=&#8221;Name&#8221; field_title=&#8221;Nome&#8221; fullwidth_field=&#8221;on&#8221; _builder_version=&#8221;4.16&#8243; global_colors_info=&#8221;{}&#8221; button_text_size__hover_enabled=&#8221;off&#8221; button_one_text_size__hover_enabled=&#8221;off&#8221; button_two_text_size__hover_enabled=&#8221;off&#8221; button_text_color__hover_enabled=&#8221;off&#8221; button_one_text_color__hover_enabled=&#8221;off&#8221; button_two_text_color__hover_enabled=&#8221;off&#8221; button_border_width__hover_enabled=&#8221;off&#8221; button_one_border_width__hover_enabled=&#8221;off&#8221; button_two_border_width__hover_enabled=&#8221;off&#8221; button_border_color__hover_enabled=&#8221;off&#8221; button_one_border_color__hover_enabled=&#8221;off&#8221; button_two_border_color__hover_enabled=&#8221;off&#8221; button_border_radius__hover_enabled=&#8221;off&#8221; button_one_border_radius__hover_enabled=&#8221;off&#8221; button_two_border_radius__hover_enabled=&#8221;off&#8221; button_letter_spacing__hover_enabled=&#8221;off&#8221; button_one_letter_spacing__hover_enabled=&#8221;off&#8221; button_two_letter_spacing__hover_enabled=&#8221;off&#8221; button_bg_color__hover_enabled=&#8221;off&#8221; button_one_bg_color__hover_enabled=&#8221;off&#8221; button_two_bg_color__hover_enabled=&#8221;off&#8221;][\/et_pb_contact_field][et_pb_contact_field field_id=&#8221;Email&#8221; field_title=&#8221;E-mail&#8221; field_type=&#8221;email&#8221; fullwidth_field=&#8221;on&#8221; _builder_version=&#8221;4.16&#8243; global_colors_info=&#8221;{}&#8221; button_text_size__hover_enabled=&#8221;off&#8221; button_one_text_size__hover_enabled=&#8221;off&#8221; button_two_text_size__hover_enabled=&#8221;off&#8221; button_text_color__hover_enabled=&#8221;off&#8221; button_one_text_color__hover_enabled=&#8221;off&#8221; button_two_text_color__hover_enabled=&#8221;off&#8221; button_border_width__hover_enabled=&#8221;off&#8221; button_one_border_width__hover_enabled=&#8221;off&#8221; button_two_border_width__hover_enabled=&#8221;off&#8221; button_border_color__hover_enabled=&#8221;off&#8221; button_one_border_color__hover_enabled=&#8221;off&#8221; button_two_border_color__hover_enabled=&#8221;off&#8221; button_border_radius__hover_enabled=&#8221;off&#8221; button_one_border_radius__hover_enabled=&#8221;off&#8221; button_two_border_radius__hover_enabled=&#8221;off&#8221; button_letter_spacing__hover_enabled=&#8221;off&#8221; button_one_letter_spacing__hover_enabled=&#8221;off&#8221; button_two_letter_spacing__hover_enabled=&#8221;off&#8221; button_bg_color__hover_enabled=&#8221;off&#8221; button_one_bg_color__hover_enabled=&#8221;off&#8221; button_two_bg_color__hover_enabled=&#8221;off&#8221;][\/et_pb_contact_field][et_pb_contact_field field_id=&#8221;Message&#8221; field_title=&#8221;Mensagem&#8221; field_type=&#8221;text&#8221; fullwidth_field=&#8221;on&#8221; _builder_version=&#8221;4.16&#8243; global_colors_info=&#8221;{}&#8221; button_text_size__hover_enabled=&#8221;off&#8221; button_one_text_size__hover_enabled=&#8221;off&#8221; button_two_text_size__hover_enabled=&#8221;off&#8221; button_text_color__hover_enabled=&#8221;off&#8221; button_one_text_color__hover_enabled=&#8221;off&#8221; button_two_text_color__hover_enabled=&#8221;off&#8221; button_border_width__hover_enabled=&#8221;off&#8221; button_one_border_width__hover_enabled=&#8221;off&#8221; button_two_border_width__hover_enabled=&#8221;off&#8221; button_border_color__hover_enabled=&#8221;off&#8221; button_one_border_color__hover_enabled=&#8221;off&#8221; button_two_border_color__hover_enabled=&#8221;off&#8221; button_border_radius__hover_enabled=&#8221;off&#8221; button_one_border_radius__hover_enabled=&#8221;off&#8221; button_two_border_radius__hover_enabled=&#8221;off&#8221; button_letter_spacing__hover_enabled=&#8221;off&#8221; button_one_letter_spacing__hover_enabled=&#8221;off&#8221; button_two_letter_spacing__hover_enabled=&#8221;off&#8221; button_bg_color__hover_enabled=&#8221;off&#8221; button_one_bg_color__hover_enabled=&#8221;off&#8221; button_two_bg_color__hover_enabled=&#8221;off&#8221;][\/et_pb_contact_field][\/et_pb_contact_form][\/et_pb_column][\/et_pb_row][\/et_pb_section]<\/p>\n","protected":false},"excerpt":{"rendered":"<p>Somos refer\u00eancia no Distrito Federal na importa\u00e7\u00e3o e fornecimento de produtos m\u00e9dicos e hospitalares nas \u00e1reas de Ginecologia, Urologia e Cirurgia Geral, com um amplo cat\u00e1logo de materiais para os mais diversos procedimentos nessas frentes.A pin\u00e7a marSeal5 plus apresenta uma nova dimens\u00e3o em selagem de vasos, entregando precis\u00e3o, multifuncionalidade, seguran\u00e7a e durabilidade.Produto minimamente invasivo, indicado [&hellip;]<\/p>\n","protected":false},"author":1,"featured_media":0,"parent":0,"menu_order":4,"comment_status":"closed","ping_status":"closed","template":"","meta":{"_acf_changed":false,"_et_pb_use_builder":"on","_et_pb_old_content":"","_et_gb_content_width":"","footnotes":""},"acf":[],"_links":{"self":[{"href":"http:\/\/cmedica.design.bsb.br\/index.php\/wp-json\/wp\/v2\/pages\/435"}],"collection":[{"href":"http:\/\/cmedica.design.bsb.br\/index.php\/wp-json\/wp\/v2\/pages"}],"about":[{"href":"http:\/\/cmedica.design.bsb.br\/index.php\/wp-json\/wp\/v2\/types\/page"}],"author":[{"embeddable":true,"href":"http:\/\/cmedica.design.bsb.br\/index.php\/wp-json\/wp\/v2\/users\/1"}],"replies":[{"embeddable":true,"href":"http:\/\/cmedica.design.bsb.br\/index.php\/wp-json\/wp\/v2\/comments?post=435"}],"version-history":[{"count":4,"href":"http:\/\/cmedica.design.bsb.br\/index.php\/wp-json\/wp\/v2\/pages\/435\/revisions"}],"predecessor-version":[{"id":572,"href":"http:\/\/cmedica.design.bsb.br\/index.php\/wp-json\/wp\/v2\/pages\/435\/revisions\/572"}],"wp:attachment":[{"href":"http:\/\/cmedica.design.bsb.br\/index.php\/wp-json\/wp\/v2\/media?parent=435"}],"curies":[{"name":"wp","href":"https:\/\/api.w.org\/{rel}","templated":true}]}}